{"id":32,"date":"2017-03-08T12:44:09","date_gmt":"2017-03-08T11:44:09","guid":{"rendered":"http:\/\/multimedia.uoc.edu\/blogs\/animacio\/?page_id=32"},"modified":"2017-03-09T11:21:21","modified_gmt":"2017-03-09T10:21:21","slug":"estirar-i-encongir","status":"publish","type":"page","link":"https:\/\/multimedia.uoc.edu\/blogs\/animacio\/es\/principis-animacio\/estirar-i-encongir\/","title":{"rendered":"Estirar y encoger"},"content":{"rendered":"<p class=\"qtranxs-available-languages-message qtranxs-available-languages-message-es\">Disculpa, pero esta entrada est\u00e1 disponible s\u00f3lo en <a href=\"https:\/\/multimedia.uoc.edu\/blogs\/animacio\/ca\/wp-json\/wp\/v2\/pages\/32\" class=\"qtranxs-available-language-link qtranxs-available-language-link-ca\" title=\"Catal\u00e0\">Catal\u00e0<\/a>.<\/p>","protected":false},"excerpt":{"rendered":"<p>Disculpa, pero esta entrada est\u00e1 disponible s\u00f3lo en Catal\u00e0.<\/p>\n","protected":false},"author":140,"featured_media":0,"parent":2,"menu_order":0,"comment_status":"closed","ping_status":"closed","template":"plantilla-pagina.php","meta":{"footnotes":""},"tags":[],"class_list":["post-32","page","type-page","status-publish","hentry","entry"],"_links":{"self":[{"href":"https:\/\/multimedia.uoc.edu\/blogs\/animacio\/es\/wp-json\/wp\/v2\/pages\/32","targetHints":{"allow":["GET"]}}],"collection":[{"href":"https:\/\/multimedia.uoc.edu\/blogs\/animacio\/es\/wp-json\/wp\/v2\/pages"}],"about":[{"href":"https:\/\/multimedia.uoc.edu\/blogs\/animacio\/es\/wp-json\/wp\/v2\/types\/page"}],"author":[{"embeddable":true,"href":"https:\/\/multimedia.uoc.edu\/blogs\/animacio\/es\/wp-json\/wp\/v2\/users\/140"}],"replies":[{"embeddable":true,"href":"https:\/\/multimedia.uoc.edu\/blogs\/animacio\/es\/wp-json\/wp\/v2\/comments?post=32"}],"version-history":[{"count":3,"href":"https:\/\/multimedia.uoc.edu\/blogs\/animacio\/es\/wp-json\/wp\/v2\/pages\/32\/revisions"}],"predecessor-version":[{"id":102,"href":"https:\/\/multimedia.uoc.edu\/blogs\/animacio\/es\/wp-json\/wp\/v2\/pages\/32\/revisions\/102"}],"up":[{"embeddable":true,"href":"https:\/\/multimedia.uoc.edu\/blogs\/animacio\/es\/wp-json\/wp\/v2\/pages\/2"}],"wp:attachment":[{"href":"https:\/\/multimedia.uoc.edu\/blogs\/animacio\/es\/wp-json\/wp\/v2\/media?parent=32"}],"wp:term":[{"taxonomy":"post_tag","embeddable":true,"href":"https:\/\/multimedia.uoc.edu\/blogs\/animacio\/es\/wp-json\/wp\/v2\/tags?post=32"}],"curies":[{"name":"wp","href":"https:\/\/api.w.org\/{rel}","templated":true}]}}