{"id":360,"date":"2015-03-12T13:08:53","date_gmt":"2015-03-12T12:08:53","guid":{"rendered":"http:\/\/multimedia.uoc.edu\/blogs\/dii\/?page_id=360"},"modified":"2015-04-07T11:13:14","modified_gmt":"2015-04-07T10:13:14","slug":"usabilitat","status":"publish","type":"page","link":"https:\/\/multimedia.uoc.edu\/blogs\/dii\/es\/disseny-centrat-en-lusuari-dcu\/usabilitat\/","title":{"rendered":"Usabilidad"},"content":{"rendered":"<p>Es la disciplina que estudia la manera de dise\u00f1ar un producto para que los usuarios del mismo puedan interactuar con \u00e9l de la manera m\u00e1s sencilla, efectiva, eficaz y satisfactoria posible en un contexto de uso definido.<\/p>\n<p><strong>Enlaces relacionados:<\/strong><\/p>\n<ul>\n<li><a href=\"http:\/\/www.nosolousabilidad.com\/manual\/index.htm\" target=\"_blank\">No solo usabilidad<\/a>. Adem\u00e1s de tratar conceptos relacionados como accesibilidad, experiencia de usuario, simplicidad o arquitectura de informaci\u00f3n, este informe describe los principios clave para comprender el factor humano en procesos interactivos, al tiempo que analiza las metodolog\u00edas y t\u00e9cnicas m\u00e1s relevantes en la pr\u00e1ctica del dise\u00f1o de productos interactivos usables.<\/li>\n<li><a href=\"http:\/\/www.nngroup.com\/articles\/\" target=\"_blank\">Nielsen Norman Group<\/a>. Magn\u00edfica fuente de noticias, investigaci\u00f3n y an\u00e1lisis en usabilidad y experiencia de usuario. <\/li>\n<li><a href=\"http:\/\/ignorethecode.net\/blog\/2010\/01\/21\/realism_in_ui_design\/\" target=\"_blank\">El realismo en la usabilidad en el dise\u00f1o web<\/a><\/li>\n<li><a href=\"http:\/\/olgacarreras.blogspot.com.es\/2011\/10\/aceptarcancelar-o-cancelaraceptar.html\" target=\"_blank\">Botones \u00abaceptar \/ cancelar\u00bb<\/a><\/li>\n<li><a href=\"http:\/\/www.slideshare.net\/Afidalgo\/interfaces-tctiles-ux-spain\" target=\"_blank\">Interfaces t\u00e1ctiles: el desaf\u00edo de les tabletas<\/a><\/li>\n<p><\/p>","protected":false},"excerpt":{"rendered":"<p>Es la disciplina que estudia la manera de dise\u00f1ar un producto para que los usuarios del mismo puedan interactuar con \u00e9l de la manera m\u00e1s sencilla, efectiva, eficaz y satisfactoria posible en un contexto de uso definido. Enlaces relacionados: No solo usabilidad. Adem\u00e1s de tratar conceptos relacionados como accesibilidad, experiencia de usuario, simplicidad o arquitectura &hellip; <\/p>\n<p class=\"link-more\"><a href=\"https:\/\/multimedia.uoc.edu\/blogs\/dii\/es\/disseny-centrat-en-lusuari-dcu\/usabilitat\/\" class=\"more-link\">Seguir leyendo<span class=\"screen-reader-text\"> \u00abUsabilidad\u00bb<\/span><\/a><\/p>\n","protected":false},"author":65,"featured_media":0,"parent":356,"menu_order":0,"comment_status":"closed","ping_status":"open","template":"plantilla-pagina.php","meta":{"footnotes":""},"tags":[],"class_list":["post-360","page","type-page","status-publish","hentry","entry"],"_links":{"self":[{"href":"https:\/\/multimedia.uoc.edu\/blogs\/dii\/es\/wp-json\/wp\/v2\/pages\/360","targetHints":{"allow":["GET"]}}],"collection":[{"href":"https:\/\/multimedia.uoc.edu\/blogs\/dii\/es\/wp-json\/wp\/v2\/pages"}],"about":[{"href":"https:\/\/multimedia.uoc.edu\/blogs\/dii\/es\/wp-json\/wp\/v2\/types\/page"}],"author":[{"embeddable":true,"href":"https:\/\/multimedia.uoc.edu\/blogs\/dii\/es\/wp-json\/wp\/v2\/users\/65"}],"replies":[{"embeddable":true,"href":"https:\/\/multimedia.uoc.edu\/blogs\/dii\/es\/wp-json\/wp\/v2\/comments?post=360"}],"version-history":[{"count":3,"href":"https:\/\/multimedia.uoc.edu\/blogs\/dii\/es\/wp-json\/wp\/v2\/pages\/360\/revisions"}],"predecessor-version":[{"id":621,"href":"https:\/\/multimedia.uoc.edu\/blogs\/dii\/es\/wp-json\/wp\/v2\/pages\/360\/revisions\/621"}],"up":[{"embeddable":true,"href":"https:\/\/multimedia.uoc.edu\/blogs\/dii\/es\/wp-json\/wp\/v2\/pages\/356"}],"wp:attachment":[{"href":"https:\/\/multimedia.uoc.edu\/blogs\/dii\/es\/wp-json\/wp\/v2\/media?parent=360"}],"wp:term":[{"taxonomy":"post_tag","embeddable":true,"href":"https:\/\/multimedia.uoc.edu\/blogs\/dii\/es\/wp-json\/wp\/v2\/tags?post=360"}],"curies":[{"name":"wp","href":"https:\/\/api.w.org\/{rel}","templated":true}]}}