{"id":416,"date":"2015-03-13T14:01:43","date_gmt":"2015-03-13T13:01:43","guid":{"rendered":"http:\/\/multimedia.uoc.edu\/blogs\/dii\/?page_id=416"},"modified":"2015-03-13T14:11:49","modified_gmt":"2015-03-13T13:11:49","slug":"densitat-de-pixels","status":"publish","type":"page","link":"https:\/\/multimedia.uoc.edu\/blogs\/dii\/es\/plataformes-i-resolucions\/densitat-de-pixels\/","title":{"rendered":"Densidad de p\u00edxeles"},"content":{"rendered":"<p>La densidad de pantalla se mide de forma distinta seg\u00fan el sistema operativo, lo que complica la optimizaci\u00f3n de los dise\u00f1os web para adaptarlos a los diferentes dispositivos m\u00f3viles presentes en el mercado. Apple (iOS) mide la densidad en ppp (p\u00edxeles por pulgada), mientras que Android lo hace en DPI (puntos por pulgada). Cuantos m\u00e1s p\u00edxeles o puntos caben en una pantalla, mayor ser\u00e1 la densidad de esta y su resoluci\u00f3n (<a href=\"http:\/\/www.adwe.es\/diseno-web-2\/diseno-para-dispositivos-moviles-y-la-densidad-de-pantalla\" target=\"_blank\">Fuente<\/a>).<\/p>\n<p><strong>Enlaces recomendados:<\/strong><br \/>\n&#8211; <a href=\"http:\/\/screensiz.es\/\" target=\"_blank\">Comparativa de medidas de pantalla, densidades, tipos, etc<\/a>.<br \/>\n&#8211; <a href=\"http:\/\/developer.android.com\/about\/dashboards\/index.html\" target=\"_blank\">Tama\u00f1os de pantalla y densidades en Android<\/a>.<br \/>\n&#8211; <a href=\"http:\/\/www.teehanlax.com\/blog\/density-converter\/\" target=\"_blank\">Conversor de densidades de pantalla<\/a>.<br \/>\n&#8211; <a href=\"http:\/\/www.adwe.es\/diseno-web-2\/diseno-para-dispositivos-moviles-y-la-densidad-de-pantalla\" target=\"_blank\">Herramientas de conversi\u00f3n entre densidades de p\u00edxeles<\/a>.<\/p>","protected":false},"excerpt":{"rendered":"<p>La densidad de pantalla se mide de forma distinta seg\u00fan el sistema operativo, lo que complica la optimizaci\u00f3n de los dise\u00f1os web para adaptarlos a los diferentes dispositivos m\u00f3viles presentes en el mercado. Apple (iOS) mide la densidad en ppp (p\u00edxeles por pulgada), mientras que Android lo hace en DPI (puntos por pulgada). Cuantos m\u00e1s &hellip; <\/p>\n<p class=\"link-more\"><a href=\"https:\/\/multimedia.uoc.edu\/blogs\/dii\/es\/plataformes-i-resolucions\/densitat-de-pixels\/\" class=\"more-link\">Seguir leyendo<span class=\"screen-reader-text\"> \u00abDensidad de p\u00edxeles\u00bb<\/span><\/a><\/p>\n","protected":false},"author":65,"featured_media":0,"parent":19,"menu_order":0,"comment_status":"closed","ping_status":"open","template":"plantilla-pagina.php","meta":{"footnotes":""},"tags":[],"class_list":["post-416","page","type-page","status-publish","hentry","entry"],"_links":{"self":[{"href":"https:\/\/multimedia.uoc.edu\/blogs\/dii\/es\/wp-json\/wp\/v2\/pages\/416","targetHints":{"allow":["GET"]}}],"collection":[{"href":"https:\/\/multimedia.uoc.edu\/blogs\/dii\/es\/wp-json\/wp\/v2\/pages"}],"about":[{"href":"https:\/\/multimedia.uoc.edu\/blogs\/dii\/es\/wp-json\/wp\/v2\/types\/page"}],"author":[{"embeddable":true,"href":"https:\/\/multimedia.uoc.edu\/blogs\/dii\/es\/wp-json\/wp\/v2\/users\/65"}],"replies":[{"embeddable":true,"href":"https:\/\/multimedia.uoc.edu\/blogs\/dii\/es\/wp-json\/wp\/v2\/comments?post=416"}],"version-history":[{"count":2,"href":"https:\/\/multimedia.uoc.edu\/blogs\/dii\/es\/wp-json\/wp\/v2\/pages\/416\/revisions"}],"predecessor-version":[{"id":418,"href":"https:\/\/multimedia.uoc.edu\/blogs\/dii\/es\/wp-json\/wp\/v2\/pages\/416\/revisions\/418"}],"up":[{"embeddable":true,"href":"https:\/\/multimedia.uoc.edu\/blogs\/dii\/es\/wp-json\/wp\/v2\/pages\/19"}],"wp:attachment":[{"href":"https:\/\/multimedia.uoc.edu\/blogs\/dii\/es\/wp-json\/wp\/v2\/media?parent=416"}],"wp:term":[{"taxonomy":"post_tag","embeddable":true,"href":"https:\/\/multimedia.uoc.edu\/blogs\/dii\/es\/wp-json\/wp\/v2\/tags?post=416"}],"curies":[{"name":"wp","href":"https:\/\/api.w.org\/{rel}","templated":true}]}}