{"id":449,"date":"2015-03-17T10:31:09","date_gmt":"2015-03-17T09:31:09","guid":{"rendered":"http:\/\/multimedia.uoc.edu\/blogs\/dii\/?page_id=449"},"modified":"2015-03-17T10:31:41","modified_gmt":"2015-03-17T09:31:41","slug":"realitat-augmentada","status":"publish","type":"page","link":"https:\/\/multimedia.uoc.edu\/blogs\/dii\/es\/plataformes-i-resolucions\/realitat-augmentada\/","title":{"rendered":"Realidad aumentada"},"content":{"rendered":"<p>Es la aplicaci\u00f3n m\u00e1s reciente de la realidad virtual, y se est\u00e1 difundiendo a un ritmo acelerado. Es la entrada de un sistema que utiliza informaci\u00f3n generada por ordenador, para extender la realidad con efectos virtuales. Las im\u00e1genes virtuales y reales se mezclan, de modo que el usuario mantiene el contacto con el mundo real, en el que se introducen elementos generados sint\u00e9ticamente. Se basa en varios tipos de dispositivos:<\/p>\n<ul>\n<li><i>See-through HMD (<em>head mounted display<\/em>)<\/i>. Casos que mezclan im\u00e1genes del mundo real con im\u00e1genes generadas.<\/li>\n<li><i>See-through<\/i> basado en v\u00eddeo. Mismo sistema que el anterior, pero basado en un v\u00eddeo.<\/li>\n<li>Otros. Por ejemplo, mostrando el resultado en un monitor o una pantalla de dispositivo m\u00f3vil.<\/li>\n<\/ul>\n<figure id=\"attachment_450\" aria-describedby=\"caption-attachment-450\" style=\"width: 237px\" class=\"wp-caption aligncenter\"><a href=\"http:\/\/multimedia.uoc.edu\/blogs\/dii\/files\/2015\/03\/realitataugmentada.jpg\"><img loading=\"lazy\" decoding=\"async\" src=\"http:\/\/multimedia.uoc.edu\/blogs\/dii\/files\/2015\/03\/realitataugmentada.jpg\" alt=\"(Font)\" width=\"237\" height=\"297\" class=\"size-full wp-image-450\" \/><\/a><figcaption id=\"caption-attachment-450\" class=\"wp-caption-text\">(<a href=\"http:\/\/www.flickr.com\/photos\/nilsmengedoht\/5109833017\/\">Font<\/a>)<\/figcaption><\/figure>\n<p><b>Lectura recomendada:<\/b><br \/>\nAlgunos ejemplos de aplicaciones de realidad aumentada pueden verse en el art\u00edculo <a href=\"http:\/\/recursostic.educacion.es\/observatorio\/web\/es\/cajon-de-sastre\/38-cajon-de-sastre\/922-realidad-aumentada\" target=\"_blank\">Realidad aumentada<\/a> del Observatorio Tecnol\u00f3gico del Ministerio de Educaci\u00f3n.<\/p>","protected":false},"excerpt":{"rendered":"<p>Es la aplicaci\u00f3n m\u00e1s reciente de la realidad virtual, y se est\u00e1 difundiendo a un ritmo acelerado. Es la entrada de un sistema que utiliza informaci\u00f3n generada por ordenador, para extender la realidad con efectos virtuales. Las im\u00e1genes virtuales y reales se mezclan, de modo que el usuario mantiene el contacto con el mundo real, &hellip; <\/p>\n<p class=\"link-more\"><a href=\"https:\/\/multimedia.uoc.edu\/blogs\/dii\/es\/plataformes-i-resolucions\/realitat-augmentada\/\" class=\"more-link\">Seguir leyendo<span class=\"screen-reader-text\"> \u00abRealidad aumentada\u00bb<\/span><\/a><\/p>\n","protected":false},"author":65,"featured_media":0,"parent":19,"menu_order":0,"comment_status":"closed","ping_status":"open","template":"plantilla-pagina.php","meta":{"footnotes":""},"tags":[],"class_list":["post-449","page","type-page","status-publish","hentry","entry"],"_links":{"self":[{"href":"https:\/\/multimedia.uoc.edu\/blogs\/dii\/es\/wp-json\/wp\/v2\/pages\/449","targetHints":{"allow":["GET"]}}],"collection":[{"href":"https:\/\/multimedia.uoc.edu\/blogs\/dii\/es\/wp-json\/wp\/v2\/pages"}],"about":[{"href":"https:\/\/multimedia.uoc.edu\/blogs\/dii\/es\/wp-json\/wp\/v2\/types\/page"}],"author":[{"embeddable":true,"href":"https:\/\/multimedia.uoc.edu\/blogs\/dii\/es\/wp-json\/wp\/v2\/users\/65"}],"replies":[{"embeddable":true,"href":"https:\/\/multimedia.uoc.edu\/blogs\/dii\/es\/wp-json\/wp\/v2\/comments?post=449"}],"version-history":[{"count":2,"href":"https:\/\/multimedia.uoc.edu\/blogs\/dii\/es\/wp-json\/wp\/v2\/pages\/449\/revisions"}],"predecessor-version":[{"id":452,"href":"https:\/\/multimedia.uoc.edu\/blogs\/dii\/es\/wp-json\/wp\/v2\/pages\/449\/revisions\/452"}],"up":[{"embeddable":true,"href":"https:\/\/multimedia.uoc.edu\/blogs\/dii\/es\/wp-json\/wp\/v2\/pages\/19"}],"wp:attachment":[{"href":"https:\/\/multimedia.uoc.edu\/blogs\/dii\/es\/wp-json\/wp\/v2\/media?parent=449"}],"wp:term":[{"taxonomy":"post_tag","embeddable":true,"href":"https:\/\/multimedia.uoc.edu\/blogs\/dii\/es\/wp-json\/wp\/v2\/tags?post=449"}],"curies":[{"name":"wp","href":"https:\/\/api.w.org\/{rel}","templated":true}]}}