{"id":8,"date":"2013-02-22T19:50:23","date_gmt":"2013-02-22T18:50:23","guid":{"rendered":"http:\/\/multimedia.uoc.edu\/blogs\/dii\/?page_id=8"},"modified":"2015-03-25T13:43:12","modified_gmt":"2015-03-25T12:43:12","slug":"prototipatge","status":"publish","type":"page","link":"https:\/\/multimedia.uoc.edu\/blogs\/dii\/es\/prototipatge\/","title":{"rendered":"Prototipado"},"content":{"rendered":"<p>El prototipado es una fase crucial del dise\u00f1o y desarrollo de una p\u00e1gina web o aplicaci\u00f3n. Los prototipos nos ayudan a poner en orden nuestras ideas, explorar diferentes caminos de concepto o dise\u00f1o y detectar posibles problemas o carencias antes de empezar la fase de programaci\u00f3n. Asimismo, los prototipos tambi\u00e9n nos pueden servir para poner a prueba nuestros dise\u00f1os en tests de usabilidad con usuarios potenciales.<\/p>\n<p><strong>Ver tambi\u00e9n:<\/strong><\/p>\n<ul>\n<li><a href=\"http:\/\/multimedia.uoc.edu\/blogs\/dii\/es\/prototipatge\/tipus-de-prototip\/\" title=\"Tipos de prototipo\">Tipos de prototipo<\/a><\/li>\n<li><a href=\"http:\/\/multimedia.uoc.edu\/blogs\/dii\/prototipatge\/eines-recomanades\/\" title=\"Herramientas recomendadas\">Herramientas recomendadas<\/a><\/li>\n<li><a href=\"http:\/\/multimedia.uoc.edu\/blogs\/dii\/prototipatge\/treballar-amb-ui-kits\/\" title=\"Trabajar con UI kits\">Trabajar con UI kits<\/a><\/li>\n<\/ul>\n<p><\/p>","protected":false},"excerpt":{"rendered":"<p>El prototipado es una fase crucial del dise\u00f1o y desarrollo de una p\u00e1gina web o aplicaci\u00f3n. Los prototipos nos ayudan a poner en orden nuestras ideas, explorar diferentes caminos de concepto o dise\u00f1o y detectar posibles problemas o carencias antes de empezar la fase de programaci\u00f3n. Asimismo, los prototipos tambi\u00e9n nos pueden servir para poner &hellip; <\/p>\n<p class=\"link-more\"><a href=\"https:\/\/multimedia.uoc.edu\/blogs\/dii\/es\/prototipatge\/\" class=\"more-link\">Seguir leyendo<span class=\"screen-reader-text\"> \u00abPrototipado\u00bb<\/span><\/a><\/p>\n","protected":false},"author":8,"featured_media":0,"parent":0,"menu_order":0,"comment_status":"closed","ping_status":"open","template":"plantilla-pagina.php","meta":{"footnotes":""},"tags":[],"class_list":["post-8","page","type-page","status-publish","hentry","entry"],"_links":{"self":[{"href":"https:\/\/multimedia.uoc.edu\/blogs\/dii\/es\/wp-json\/wp\/v2\/pages\/8","targetHints":{"allow":["GET"]}}],"collection":[{"href":"https:\/\/multimedia.uoc.edu\/blogs\/dii\/es\/wp-json\/wp\/v2\/pages"}],"about":[{"href":"https:\/\/multimedia.uoc.edu\/blogs\/dii\/es\/wp-json\/wp\/v2\/types\/page"}],"author":[{"embeddable":true,"href":"https:\/\/multimedia.uoc.edu\/blogs\/dii\/es\/wp-json\/wp\/v2\/users\/8"}],"replies":[{"embeddable":true,"href":"https:\/\/multimedia.uoc.edu\/blogs\/dii\/es\/wp-json\/wp\/v2\/comments?post=8"}],"version-history":[{"count":25,"href":"https:\/\/multimedia.uoc.edu\/blogs\/dii\/es\/wp-json\/wp\/v2\/pages\/8\/revisions"}],"predecessor-version":[{"id":611,"href":"https:\/\/multimedia.uoc.edu\/blogs\/dii\/es\/wp-json\/wp\/v2\/pages\/8\/revisions\/611"}],"wp:attachment":[{"href":"https:\/\/multimedia.uoc.edu\/blogs\/dii\/es\/wp-json\/wp\/v2\/media?parent=8"}],"wp:term":[{"taxonomy":"post_tag","embeddable":true,"href":"https:\/\/multimedia.uoc.edu\/blogs\/dii\/es\/wp-json\/wp\/v2\/tags?post=8"}],"curies":[{"name":"wp","href":"https:\/\/api.w.org\/{rel}","templated":true}]}}