{"id":22,"date":"2013-03-01T16:36:22","date_gmt":"2013-03-01T15:36:22","guid":{"rendered":"http:\/\/multimedia.uoc.edu\/blogs\/dii\/?page_id=22"},"modified":"2015-04-07T12:44:24","modified_gmt":"2015-04-07T11:44:24","slug":"web-adaptatiu","status":"publish","type":"page","link":"https:\/\/multimedia.uoc.edu\/blogs\/dii\/tendencies\/web-adaptatiu\/","title":{"rendered":"Web adaptatiu"},"content":{"rendered":"<p><\/p>\n<h2>Definici\u00f3<\/h2>\n<blockquote><p>El disseny web adaptatiu o adaptable (en angl\u00e8s, <em>responsive web design<\/em>) \u00e9s una t\u00e8cnica de disseny i desenvolupament web que mitjan\u00e7ant l&#8217;\u00fas d&#8217;estructures i imatges flu\u00efdes, i de <em>media-queries<\/em> en el <a href=\"http:\/\/es.wikipedia.org\/wiki\/hojas_de_estilo_en_cascada\" target=\"_blank\">full d&#8217;estil CSS<\/a>, aconsegueix adaptar el lloc web a l&#8217;entorn de l&#8217;usuari.<\/p>\n<p>El dissenyador i autor nord-americ\u00e0 <strong>Ethan Marcotte<\/strong> va crear i difondre aquesta t\u00e8cnica a partir d&#8217;una s\u00e8rie d&#8217;articles a <a href=\"http:\/\/alistapart.com\/\" target=\"_blank\">A List Apart<\/a>, publicaci\u00f3 en l\u00ednia especialitzada en disseny i desenvolupament web, idea que despr\u00e9s ampliaria en el seu llibre <em>Responsive web design<\/em>.<\/p>\n<p><strong>Font:<\/strong> <a href=\"http:\/\/es.wikipedia.org\/wiki\/dise%C3%B1o_web_adaptatiu\" target=\"_blank\">Wikipedia.org<\/a><\/p><\/blockquote>\n<p>La proliferaci\u00f3 de dispositius amb acc\u00e9s a Internet pot convertir-se en un malson quan creem una p\u00e0gina web, ja que no solament ens obliga a <a href=\"http:\/\/multimedia.uoc.edu\/blogs\/dii\/dissenyar-per-a-diverses-plataformes\/\" title=\"Dissenyar per a diverses plataformes\">dissenyar pensant en diverses plataformes<\/a> (ordinadors, m\u00f2bils, tauletes, <em>wereables<\/em>, <em>smart TV, netbooks<\/em>, etc.) sin\u00f3 tamb\u00e9 en infinitat de mides i resolucions de pantalla. <\/p>\n<p><strong>El disseny adaptatiu ens ofereix una soluci\u00f3<\/strong> a aquest problema permetent-nos utilitzar el mateix HTML en tots els dispositius, mentre que \u00e9s el full d&#8217;estils CSS l&#8217;encarregat de canviar l&#8217;aspecte de la p\u00e0gina d&#8217;acord amb la mida de la pantalla en qu\u00e8 es mostra. Aix\u00ed doncs, en el disseny adaptatiu, <strong>els elements presents en la p\u00e0gina es reorganitzen<\/strong> segons la pantalla s&#8217;ampli\u00ef o s&#8217;encongeixi.<\/p>\n<p><strong>V\u00eddeo:<\/strong> <a href=\"http:\/\/www.nngroup.com\/http:\/\/s3.amazonaws.com\/media.nngroup.com\/media\/editor\/2014\/04\/25\/london_700_2.mp4\" target=\"_blank\">Disseny adaptatiu de la p\u00e0gina web del transport p\u00fablic a Londres<\/a> (Nielsen Norman Group).<\/p>\n<p>Aquesta soluci\u00f3 ens ofereix diversos avantatges:<\/p>\n<ul>\n<li>M\u00e9s rapidesa i menys costos en el desenvolupament, ja que no treballem amb diferents versions sin\u00f3 amb una de sola treballada amb una metodologia espec\u00edfica des del comen\u00e7ament del desenvolupament.<\/li>\n<li>M\u00e9s facilitat de manteniment.<\/li>\n<li>Tranquil\u00b7litat de cara a l\u2019aparici\u00f3 de nous dispositius (el disseny s\u2019adaptar\u00e0 tot sol d\u2019acord amb la grand\u00e0ria de les pantalles).<\/li>\n<li>Millorar el posicionament SEO de la web, at\u00e8s que treballem amb una \u00fanica versi\u00f3 per a tots els dispositius.\n<\/li>\n<li>Millorar l\u2019experi\u00e8ncia d\u2019usuari, ja que tenim un \u00fanic disseny principal que mantindr\u00e0 la coher\u00e8ncia amb la visualitzaci\u00f3 des de qualsevol dispositiu.<\/li>\n<\/ul>\n<p>Tanmateix, no n\u2019hi ha prou amb assegurar-nos que els elements s\u2019adapten a la grand\u00e0ria de la pantalla. Quan treballem amb dissenys adaptatius, tamb\u00e9 hem de tenir en compte certes q\u00fcestions:<\/p>\n<ul>\n<li><strong>Usabilitat i experi\u00e8ncia d&#8217;usuari<\/strong>. El web ha de ser igualment usable, amb independ\u00e8ncia de la mida del dispositiu amb el qual hi accedim.<\/li>\n<li><strong>Jerarquitzaci\u00f3 dels elements<\/strong>. Hem de tenir molt present en quin ordre es reorganitzar\u00e0 el nostre contingut en les pantalles m\u00e9s petites. Igual que en el monitor d&#8217;un PC, el m\u00e9s important ha d&#8217;estar situat ben a la vista.<\/li>\n<li><strong>Temps de c\u00e0rrega<\/strong>. Si b\u00e9 el disseny adaptatiu ens permet fer servir el mateix HTML per a tots, aix\u00f2 significa en principi que un <em>smartphone<\/em> haur\u00e0 de carregar el mateix codi que un ordinador de sobretaula \u2014el mostri tot o no\u2014, la qual cosa podria afectar el temps de c\u00e0rrega de la p\u00e0gina al m\u00f2bil. Una soluci\u00f3 \u00e9s detectar el tipus de dispositiu i que el servidor proveeixi nom\u00e9s les parts de codi necess\u00e0ries.<\/li>\n<\/ul>\n<p><strong>Font:<\/strong> <a href=\"http:\/\/www.nngroup.com\/articles\/responsive-web-design-definition\/\" target=\"_blank\">Responsive Web Design (RWD) and User Experience<\/a>.<\/p>\n<p><strong>M\u00e9s informaci\u00f3:<\/strong><br \/>\n&#8211; <a href=\"https:\/\/itunes.apple.com\/mx\/book\/responsive-web-design\/id613483876?mt=11\" target=\"_blank\">Manual de disseny web responsiu (de Wilfredo Salas G.)<\/a>.<br \/>\n&#8211; <a href=\"http:\/\/xn--diseowebresponsivo-q0b.com.ar\/\" target=\"_blank\">Disseny web responsiu segons Ethan Marcotte<\/a>.<br \/>\n&#8211; <a href=\"http:\/\/ivanprego.com\/diseno-web\/diseno-adaptativo\/historia-del-diseno-web-adaptable-quien-es-quien-en-el-responsive-web-design\/\" target=\"_blank\">Hist\u00f2ria del disseny web adaptatiu<\/a>.<br \/>\n&#8211; <a href=\"http:\/\/www.smashingmagazine.com\/2012\/05\/30\/design-process-responsive-age\/\" target=\"_blank\">Design process in the responsive age<\/a>.<br \/>\n&#8211; <a href=\"http:\/\/www.genbetadev.com\/desarrollo-web\/7-consejos-para-hacer-buen-responsive-design\" target=\"_blank\">7 consells per fer bon responsive design<\/a>.<br \/>\n&#8211; <a href=\"http:\/\/www.smashingmagazine.com\/2011\/01\/12\/guidelines-for-responsive-web-design\/\" target=\"_blank\">Responsive web design: what it is and how to use it<\/a>.<br \/>\n&#8211; <a href=\"http:\/\/alistapart.com\/topic\/responsive-design\" target=\"_blank\">Articles sobre disseny adaptatiu a <em>A List Apart<\/em><\/a>.<br \/>\n&#8211; <a href=\"http:\/\/www.creativebloq.com\/web-design\/responsive-web-design-tips-bbc-news-9134667\" target=\"_blank\">Responsive web design tips from BBC News<\/a>.<br \/>\n&#8211; <a href=\"http:\/\/emilianoperezansaldi.com\/seo\/responsive-web-design-y-la-importancia-en-el-seo\/\" target=\"_blank\">El\u00a0responsive\u00a0i la import\u00e0ncia al SEO<\/a>.<\/p>\n<h2>Eines i recursos<\/h2>\n<h3>Eines<\/h3>\n<ul>\n<li><a href=\"http:\/\/mattkersley.com\/responsive\/\" target=\"_blank\">Responsive web design Testing tool<\/a>. Aquesta eina ens permet introduir una URL i comprovar a l\u2019instant el seu aspecte en diferents grand\u00e0ries de pantalla (240 px, 320 px, 480 px, 768 px, 1.024 px).<\/li>\n<li><a href=\"http:\/\/www.responsinator.com\/\" target=\"_blank\">Responsinator<\/a>. Eina en l\u00ednia que permet executar un test de responsivitat, simulant la visualitzaci\u00f3 d\u2019una web en diversos dispositius m\u00f2bils.<\/li>\n<li><a href=\"http:\/\/beta.screenqueri.es\/\" target=\"_blank\">ScreenQueries<\/a>. Pixel Perfect Media Query Debugging Tool.<\/li>\n<li><a href=\"http:\/\/gridpak.com\/\" target=\"_blank\">Gridpak<\/a>. The responsive grid generator.<\/li>\n<\/ul>\n<h3>Exemples de webs adaptatives<\/h3>\n<ul>\n<li><a href=\"http:\/\/mediaqueri.es\/\" target=\"_blank\">Exemples de webs responsives<\/a>.<\/li>\n<li><a href=\"http:\/\/www.estudio-creativo.com\/2012\/03\/menus-adaptables-en-el-responsive-design\/\" target=\"_blank\">Men\u00fas adaptables amb\u00a0responsive<\/a>.<\/li>\n<li><a href=\"http:\/\/designmodo.com\/responsive-design-examples\/\" target=\"_blank\">Responsive Web Design: 50 examples and best practices<\/a>.<\/li>\n<li><a href=\"http:\/\/webdesignledger.com\/inspiration\/24-excellent-examples-of-responsive-web-design\" target=\"_blank\">24 excellent examples of responsive web design<\/a>.<\/li>\n<\/ul>\n<h3>Tutorials<\/h3>\n<ul>\n<li><a href=\"http:\/\/www.catswhocode.com\/blog\/awesome-tutorials-to-master-responsive-web-design\" target=\"_blank\">Awesome tutorials to master responsive web design<\/a>.<\/li>\n<li><a href=\"http:\/\/www.webdesignshock.com\/responsive-web-design\/\" target=\"_blank\">Responsive web design, most complete guide<\/a>.<\/li>\n<\/ul>\n<h3>Responsive CSS Frameworks<\/h3>\n<ul>\n<li><a href=\"http:\/\/www.getskeleton.com\/\" target=\"_blank\">Skeleton<\/a>. Skeleton is a small collection of CSS files that can help you rapidly develop sites that look beautiful at any size, be it a 17&#8243; laptop screen or an iPhone.<\/li>\n<li><a href=\"http:\/\/matthewhartman.github.io\/base\/\" target=\"_blank\">Base<\/a>. A super simple, responsive framework built for all devices big, small and in-between.<\/li>\n<li><a href=\"http:\/\/gumbyframework.com\/\" target=\"_blank\">Gumby<\/a>. Gumby 2 is an amazing responsive CSS Framework built with the power of Sass.<\/li>\n<li><a href=\"http:\/\/www.amazium.co.uk\/\" target=\"_blank\">Amazium<\/a>. The clean and simple responsive framework.<\/li>\n<li><a href=\"http:\/\/foundation.zurb.com\/\" target=\"_blank\">Foundation<\/a>. Foundation 5 is the most advanced responsive front-end framework in the world.<\/li>\n<li><a href=\"http:\/\/getbootstrap.com\/\" target=\"_blank\">Bootstrap<\/a>. The most popular front-end framework for developing responsive, mobile first projects on the web. Desenvolupat per la gent de Twitter.<\/li>\n<li><a href=\"http:\/\/goldilocksapproach.com\/\" target=\"_blank\">The Goldilocks Approach<\/a>. Ofereix arxius CSS i HTML per programar webs adaptatives. <\/li>\n<li><a href=\"http:\/\/builtbyboon.com\/wp-content\/uploads\/Proportional-Grids\/\" target=\"_blank\">Proportional Grids<\/a>. Simplement, graelles proporcionals que funcionen fins i tot en IE7.<\/li>\n<li><a href=\"http:\/\/www.responsivegridsystem.com\/\" target=\"_blank\">Responsive Grid System<\/a>. Ofereix arxius i recursos per iniciar-se en el disseny web adaptatiu.<\/li>\n<li>\n<a href=\"http:\/\/bradfrost.github.io\/this-is-responsive\/\" target=\"_blank\">This is responsive<\/a>. Interessant col\u00b7lecci\u00f3 de patrons i recursos adaptatius del dissenyador web Brad Frost.<\/li>\n<\/ul>\n<p><\/p>","protected":false},"excerpt":{"rendered":"<p>Definici\u00f3 El disseny web adaptatiu o adaptable (en angl\u00e8s, responsive web design) \u00e9s una t\u00e8cnica de disseny i desenvolupament web que mitjan\u00e7ant l&#8217;\u00fas d&#8217;estructures i imatges flu\u00efdes, i de media-queries en el full d&#8217;estil CSS, aconsegueix adaptar el lloc web a l&#8217;entorn de l&#8217;usuari. El dissenyador i autor nord-americ\u00e0 Ethan Marcotte va crear i difondre &hellip; <\/p>\n<p class=\"link-more\"><a href=\"https:\/\/multimedia.uoc.edu\/blogs\/dii\/tendencies\/web-adaptatiu\/\" class=\"more-link\">Continua llegint <span class=\"screen-reader-text\">\u00abWeb adaptatiu\u00bb<\/span><\/a><\/p>\n","protected":false},"author":8,"featured_media":0,"parent":653,"menu_order":0,"comment_status":"closed","ping_status":"closed","template":"plantilla-pagina.php","meta":{"footnotes":""},"tags":[4,7,5,6,3],"class_list":["post-22","page","type-page","status-publish","hentry","tag-css","tag-disseny-adaptatiu","tag-frameworks","tag-grid","tag-rwd","entry"],"_links":{"self":[{"href":"https:\/\/multimedia.uoc.edu\/blogs\/dii\/wp-json\/wp\/v2\/pages\/22","targetHints":{"allow":["GET"]}}],"collection":[{"href":"https:\/\/multimedia.uoc.edu\/blogs\/dii\/wp-json\/wp\/v2\/pages"}],"about":[{"href":"https:\/\/multimedia.uoc.edu\/blogs\/dii\/wp-json\/wp\/v2\/types\/page"}],"author":[{"embeddable":true,"href":"https:\/\/multimedia.uoc.edu\/blogs\/dii\/wp-json\/wp\/v2\/users\/8"}],"replies":[{"embeddable":true,"href":"https:\/\/multimedia.uoc.edu\/blogs\/dii\/wp-json\/wp\/v2\/comments?post=22"}],"version-history":[{"count":40,"href":"https:\/\/multimedia.uoc.edu\/blogs\/dii\/wp-json\/wp\/v2\/pages\/22\/revisions"}],"predecessor-version":[{"id":308,"href":"https:\/\/multimedia.uoc.edu\/blogs\/dii\/wp-json\/wp\/v2\/pages\/22\/revisions\/308"}],"up":[{"embeddable":true,"href":"https:\/\/multimedia.uoc.edu\/blogs\/dii\/wp-json\/wp\/v2\/pages\/653"}],"wp:attachment":[{"href":"https:\/\/multimedia.uoc.edu\/blogs\/dii\/wp-json\/wp\/v2\/media?parent=22"}],"wp:term":[{"taxonomy":"post_tag","embeddable":true,"href":"https:\/\/multimedia.uoc.edu\/blogs\/dii\/wp-json\/wp\/v2\/tags?post=22"}],"curies":[{"name":"wp","href":"https:\/\/api.w.org\/{rel}","templated":true}]}}