{"id":360,"date":"2015-03-12T13:08:53","date_gmt":"2015-03-12T12:08:53","guid":{"rendered":"http:\/\/multimedia.uoc.edu\/blogs\/dii\/?page_id=360"},"modified":"2015-04-07T11:13:14","modified_gmt":"2015-04-07T10:13:14","slug":"usabilitat","status":"publish","type":"page","link":"https:\/\/multimedia.uoc.edu\/blogs\/dii\/disseny-centrat-en-lusuari-dcu\/usabilitat\/","title":{"rendered":"Usabilitat"},"content":{"rendered":"<p>\u00c9s la disciplina que estudia la manera de dissenyar un producte per tal que els usuaris hi puguin interactuar de la manera m\u00e9s senzilla, efectiva, efica\u00e7 i satisfact\u00f2ria possible en un context d&#8217;\u00fas definit.<\/p>\n<p><strong>Enlla\u00e7os relacionats:<\/strong><\/p>\n<ul>\n<li><a href=\"http:\/\/www.nosolousabilidad.com\/manual\/index.htm\" target=\"_blank\">No solo usabilidad<\/a>. A m\u00e9s d&#8217;abordar conceptes relacionats com accessibilitat, experi\u00e8ncia d&#8217;usuari, simplicitat o arquitectura d&#8217;informaci\u00f3, aquest informe descriu els principis clau per a comprendre el factor hum\u00e0 en processos interactius, i analitza les metodologies i t\u00e8cniques m\u00e9s rellevants en la pr\u00e0ctica del disseny de productes interactius usables.<\/li>\n<li><a href=\"http:\/\/www.nngroup.com\/articles\/\" target=\"_blank\">Nielsen Norman Group<\/a>. Magn\u00edfica font de not\u00edcies, recerca i an\u00e0lisi en usabilitat i experi\u00e8ncia d&#8217;usuari.<\/li>\n<li><a href=\"http:\/\/ignorethecode.net\/blog\/2010\/01\/21\/realism_in_ui_design\/\" target=\"_blank\">El realisme en la usabilitat en el disseny web<\/a><\/li>\n<li><a href=\"http:\/\/olgacarreras.blogspot.com.es\/2011\/10\/aceptarcancelar-o-cancelaraceptar.html\" target=\"_blank\">Botons &#8220;acceptar \/ cancel\u00b7lar&#8221;<\/a><\/li>\n<li><a href=\"http:\/\/www.slideshare.net\/Afidalgo\/interfaces-tctiles-ux-spain\" target=\"_blank\">Interf\u00edcies t\u00e0ctils: el desafiament de les tauletes<\/a><\/li>\n<p><\/p>","protected":false},"excerpt":{"rendered":"<p>\u00c9s la disciplina que estudia la manera de dissenyar un producte per tal que els usuaris hi puguin interactuar de la manera m\u00e9s senzilla, efectiva, efica\u00e7 i satisfact\u00f2ria possible en un context d&#8217;\u00fas definit. Enlla\u00e7os relacionats: No solo usabilidad. A m\u00e9s d&#8217;abordar conceptes relacionats com accessibilitat, experi\u00e8ncia d&#8217;usuari, simplicitat o arquitectura d&#8217;informaci\u00f3, aquest informe descriu &hellip; <\/p>\n<p class=\"link-more\"><a href=\"https:\/\/multimedia.uoc.edu\/blogs\/dii\/disseny-centrat-en-lusuari-dcu\/usabilitat\/\" class=\"more-link\">Continua llegint <span class=\"screen-reader-text\">\u00abUsabilitat\u00bb<\/span><\/a><\/p>\n","protected":false},"author":65,"featured_media":0,"parent":356,"menu_order":0,"comment_status":"closed","ping_status":"open","template":"plantilla-pagina.php","meta":{"footnotes":""},"tags":[],"class_list":["post-360","page","type-page","status-publish","hentry","entry"],"_links":{"self":[{"href":"https:\/\/multimedia.uoc.edu\/blogs\/dii\/wp-json\/wp\/v2\/pages\/360","targetHints":{"allow":["GET"]}}],"collection":[{"href":"https:\/\/multimedia.uoc.edu\/blogs\/dii\/wp-json\/wp\/v2\/pages"}],"about":[{"href":"https:\/\/multimedia.uoc.edu\/blogs\/dii\/wp-json\/wp\/v2\/types\/page"}],"author":[{"embeddable":true,"href":"https:\/\/multimedia.uoc.edu\/blogs\/dii\/wp-json\/wp\/v2\/users\/65"}],"replies":[{"embeddable":true,"href":"https:\/\/multimedia.uoc.edu\/blogs\/dii\/wp-json\/wp\/v2\/comments?post=360"}],"version-history":[{"count":3,"href":"https:\/\/multimedia.uoc.edu\/blogs\/dii\/wp-json\/wp\/v2\/pages\/360\/revisions"}],"predecessor-version":[{"id":621,"href":"https:\/\/multimedia.uoc.edu\/blogs\/dii\/wp-json\/wp\/v2\/pages\/360\/revisions\/621"}],"up":[{"embeddable":true,"href":"https:\/\/multimedia.uoc.edu\/blogs\/dii\/wp-json\/wp\/v2\/pages\/356"}],"wp:attachment":[{"href":"https:\/\/multimedia.uoc.edu\/blogs\/dii\/wp-json\/wp\/v2\/media?parent=360"}],"wp:term":[{"taxonomy":"post_tag","embeddable":true,"href":"https:\/\/multimedia.uoc.edu\/blogs\/dii\/wp-json\/wp\/v2\/tags?post=360"}],"curies":[{"name":"wp","href":"https:\/\/api.w.org\/{rel}","templated":true}]}}