{"id":375,"date":"2015-03-12T13:34:39","date_gmt":"2015-03-12T12:34:39","guid":{"rendered":"http:\/\/multimedia.uoc.edu\/blogs\/dii\/?page_id=375"},"modified":"2015-10-19T11:46:00","modified_gmt":"2015-10-19T10:46:00","slug":"experiencia-dusuari","status":"publish","type":"page","link":"https:\/\/multimedia.uoc.edu\/blogs\/dii\/disseny-centrat-en-lusuari-dcu\/experiencia-dusuari\/","title":{"rendered":"Experi\u00e8ncia d&#8217;usuari"},"content":{"rendered":"<p>Per a Kankainen (2002), l&#8217;experi\u00e8ncia d&#8217;usuari \u00e9s resultat d&#8217;una acci\u00f3 motivada en un context determinat, fent \u00e8mfasi en la import\u00e0ncia condicionant de les expectatives de l&#8217;usuari i les experi\u00e8ncies pr\u00e8vies.<\/p>\n<p>El seg\u00fcent article planteja, de forma resumida i clara, <a href=\"http:\/\/mosaic.uoc.edu\/2015\/10\/14\/diez-principios-para-la-excelencia-en-el-diseno-de-experiencias-web\/\" target=\"_blank\">Deu principis per a l&#8217;excel\u00b7l\u00e8ncia en el disseny d&#8217;experi\u00e8nces web<\/a><\/p>\n<p><strong>Enlla\u00e7os relacionats:<\/strong><\/p>\n<ul>\n<li><a href=\"http:\/\/www.nosolousabilidad.com\/articulos\/experiencia_del_usuario.htm\" target=\"_blank\">L&#8217;experi\u00e8ncia de l&#8217;usuari<\/a><\/li>\n<li><a href=\"http:\/\/jordisan.net\/blog\/2011\/usabilidad-y-ux-son-lo-mismo-o-no\/\" target=\"_blank\">Usabilidad y UX s\u00f3n lo mismo, o no<\/a><\/li>\n<li><a href=\"http:\/\/goodui.org\/?utm_content=buffer939dd&amp;utm_source=buffer&amp;utm_medium=twitter&amp;utm_campaign=Buffer\" target=\"_blank\">Consells per a millorar l&#8217;experi\u00e8ncia d&#8217;usuari d&#8217;una aplicaci\u00f3<\/a><\/li>\n<\/ul>\n<p><\/p>","protected":false},"excerpt":{"rendered":"<p>Per a Kankainen (2002), l&#8217;experi\u00e8ncia d&#8217;usuari \u00e9s resultat d&#8217;una acci\u00f3 motivada en un context determinat, fent \u00e8mfasi en la import\u00e0ncia condicionant de les expectatives de l&#8217;usuari i les experi\u00e8ncies pr\u00e8vies. El seg\u00fcent article planteja, de forma resumida i clara, Deu principis per a l&#8217;excel\u00b7l\u00e8ncia en el disseny d&#8217;experi\u00e8nces web Enlla\u00e7os relacionats: L&#8217;experi\u00e8ncia de l&#8217;usuari Usabilidad &hellip; <\/p>\n<p class=\"link-more\"><a href=\"https:\/\/multimedia.uoc.edu\/blogs\/dii\/disseny-centrat-en-lusuari-dcu\/experiencia-dusuari\/\" class=\"more-link\">Continua llegint <span class=\"screen-reader-text\">\u00abExperi\u00e8ncia d&#8217;usuari\u00bb<\/span><\/a><\/p>\n","protected":false},"author":65,"featured_media":0,"parent":356,"menu_order":0,"comment_status":"closed","ping_status":"open","template":"plantilla-pagina.php","meta":{"footnotes":""},"tags":[],"class_list":["post-375","page","type-page","status-publish","hentry","entry"],"_links":{"self":[{"href":"https:\/\/multimedia.uoc.edu\/blogs\/dii\/wp-json\/wp\/v2\/pages\/375","targetHints":{"allow":["GET"]}}],"collection":[{"href":"https:\/\/multimedia.uoc.edu\/blogs\/dii\/wp-json\/wp\/v2\/pages"}],"about":[{"href":"https:\/\/multimedia.uoc.edu\/blogs\/dii\/wp-json\/wp\/v2\/types\/page"}],"author":[{"embeddable":true,"href":"https:\/\/multimedia.uoc.edu\/blogs\/dii\/wp-json\/wp\/v2\/users\/65"}],"replies":[{"embeddable":true,"href":"https:\/\/multimedia.uoc.edu\/blogs\/dii\/wp-json\/wp\/v2\/comments?post=375"}],"version-history":[{"count":4,"href":"https:\/\/multimedia.uoc.edu\/blogs\/dii\/wp-json\/wp\/v2\/pages\/375\/revisions"}],"predecessor-version":[{"id":679,"href":"https:\/\/multimedia.uoc.edu\/blogs\/dii\/wp-json\/wp\/v2\/pages\/375\/revisions\/679"}],"up":[{"embeddable":true,"href":"https:\/\/multimedia.uoc.edu\/blogs\/dii\/wp-json\/wp\/v2\/pages\/356"}],"wp:attachment":[{"href":"https:\/\/multimedia.uoc.edu\/blogs\/dii\/wp-json\/wp\/v2\/media?parent=375"}],"wp:term":[{"taxonomy":"post_tag","embeddable":true,"href":"https:\/\/multimedia.uoc.edu\/blogs\/dii\/wp-json\/wp\/v2\/tags?post=375"}],"curies":[{"name":"wp","href":"https:\/\/api.w.org\/{rel}","templated":true}]}}