{"id":416,"date":"2015-03-13T14:01:43","date_gmt":"2015-03-13T13:01:43","guid":{"rendered":"http:\/\/multimedia.uoc.edu\/blogs\/dii\/?page_id=416"},"modified":"2015-03-13T14:11:49","modified_gmt":"2015-03-13T13:11:49","slug":"densitat-de-pixels","status":"publish","type":"page","link":"https:\/\/multimedia.uoc.edu\/blogs\/dii\/plataformes-i-resolucions\/densitat-de-pixels\/","title":{"rendered":"Densitat de p\u00edxels"},"content":{"rendered":"<p><\/p>\n<p>La densitat de pantalla es mesura de manera diferent segons el sistema operatiu, la qual cosa complica l&#8217;optimitzaci\u00f3 dels dissenys web per a adaptar-los als diferents dispositius m\u00f2bils presents en el mercat. Apple (iOS) mesura la densitat en ppp (p\u00edxels per polzada), mentre que Android ho fa en dpi (punts per polzada). Com m\u00e9s p\u00edxels o punts caben en una pantalla, m\u00e9s alta n&#8217;\u00e9s la densitat i la resoluci\u00f3 (<a href=\"http:\/\/www.adwe.es\/diseno-web-2\/diseno-para-dispositivos-moviles-y-la-densidad-de-pantalla\" target=\"_blank\">font<\/a>).<\/p>\n<p><strong>Enlla\u00e7os recomanats:<\/strong><br \/>\n&#8211; <a href=\"http:\/\/screensiz.es\/\" target=\"_blank\">Comparativa de mesures de pantalla, densitats, tipus, etc<\/a>.<br \/>\n&#8211; <a href=\"http:\/\/developer.android.com\/about\/dashboards\/index.html\" target=\"_blank\">Mides de pantalla i densitats en Android<\/a><br \/>\n&#8211; <a href=\"http:\/\/www.teehanlax.com\/blog\/density-converter\/\" target=\"_blank\">Convertidor de densitats de pantalla<\/a><br \/>\n&#8211; <a href=\"http:\/\/www.adwe.es\/diseno-web-2\/diseno-para-dispositivos-moviles-y-la-densidad-de-pantalla\" target=\"_blank\">Eines de conversi\u00f3 entre densitats de p\u00edxels<\/a><\/p>\n<p><\/p>","protected":false},"excerpt":{"rendered":"<p>La densitat de pantalla es mesura de manera diferent segons el sistema operatiu, la qual cosa complica l&#8217;optimitzaci\u00f3 dels dissenys web per a adaptar-los als diferents dispositius m\u00f2bils presents en el mercat. Apple (iOS) mesura la densitat en ppp (p\u00edxels per polzada), mentre que Android ho fa en dpi (punts per polzada). Com m\u00e9s p\u00edxels &hellip; <\/p>\n<p class=\"link-more\"><a href=\"https:\/\/multimedia.uoc.edu\/blogs\/dii\/plataformes-i-resolucions\/densitat-de-pixels\/\" class=\"more-link\">Continua llegint <span class=\"screen-reader-text\">\u00abDensitat de p\u00edxels\u00bb<\/span><\/a><\/p>\n","protected":false},"author":65,"featured_media":0,"parent":19,"menu_order":0,"comment_status":"closed","ping_status":"open","template":"plantilla-pagina.php","meta":{"footnotes":""},"tags":[],"class_list":["post-416","page","type-page","status-publish","hentry","entry"],"_links":{"self":[{"href":"https:\/\/multimedia.uoc.edu\/blogs\/dii\/wp-json\/wp\/v2\/pages\/416","targetHints":{"allow":["GET"]}}],"collection":[{"href":"https:\/\/multimedia.uoc.edu\/blogs\/dii\/wp-json\/wp\/v2\/pages"}],"about":[{"href":"https:\/\/multimedia.uoc.edu\/blogs\/dii\/wp-json\/wp\/v2\/types\/page"}],"author":[{"embeddable":true,"href":"https:\/\/multimedia.uoc.edu\/blogs\/dii\/wp-json\/wp\/v2\/users\/65"}],"replies":[{"embeddable":true,"href":"https:\/\/multimedia.uoc.edu\/blogs\/dii\/wp-json\/wp\/v2\/comments?post=416"}],"version-history":[{"count":2,"href":"https:\/\/multimedia.uoc.edu\/blogs\/dii\/wp-json\/wp\/v2\/pages\/416\/revisions"}],"predecessor-version":[{"id":418,"href":"https:\/\/multimedia.uoc.edu\/blogs\/dii\/wp-json\/wp\/v2\/pages\/416\/revisions\/418"}],"up":[{"embeddable":true,"href":"https:\/\/multimedia.uoc.edu\/blogs\/dii\/wp-json\/wp\/v2\/pages\/19"}],"wp:attachment":[{"href":"https:\/\/multimedia.uoc.edu\/blogs\/dii\/wp-json\/wp\/v2\/media?parent=416"}],"wp:term":[{"taxonomy":"post_tag","embeddable":true,"href":"https:\/\/multimedia.uoc.edu\/blogs\/dii\/wp-json\/wp\/v2\/tags?post=416"}],"curies":[{"name":"wp","href":"https:\/\/api.w.org\/{rel}","templated":true}]}}