{"id":449,"date":"2015-03-17T10:31:09","date_gmt":"2015-03-17T09:31:09","guid":{"rendered":"http:\/\/multimedia.uoc.edu\/blogs\/dii\/?page_id=449"},"modified":"2015-03-17T10:31:41","modified_gmt":"2015-03-17T09:31:41","slug":"realitat-augmentada","status":"publish","type":"page","link":"https:\/\/multimedia.uoc.edu\/blogs\/dii\/plataformes-i-resolucions\/realitat-augmentada\/","title":{"rendered":"Realitat augmentada"},"content":{"rendered":"<p>\u00c9s l&#8217;aplicaci\u00f3 m\u00e9s recent de la realitat virtual, i s&#8217;est\u00e0 difonent a un ritme accelerat. \u00c9s l&#8217;entrada d&#8217;un sistema que utilitza informaci\u00f3 generada per ordinador, per estendre la realitat amb efectes virtuals. Les imatges virtuals i reals es barregen, de manera que l&#8217;usuari mant\u00e9 el contacte amb el m\u00f3n real, en el qual s&#8217;introdueixen elements generats sint\u00e8ticament. Es basa en diversos tipus de dispositius:<\/p>\n<ul>\n<li><i>See-through HMD (<\/i>head mounted display<i>)<\/i>. Casos que barregen imatges del m\u00f3n real amb imatges generades.<\/li>\n<li><i>See-through<\/i> basat en v\u00eddeo. Mateix sistema que l&#8217;anterior, per\u00f2 basat en un v\u00eddeo.<\/li>\n<li>Altres. Per exemple, mostrant el resultat en un monitor o una pantalla de dispositiu m\u00f2bil.<\/li>\n<\/ul>\n<figure id=\"attachment_450\" aria-describedby=\"caption-attachment-450\" style=\"width: 237px\" class=\"wp-caption aligncenter\"><a href=\"http:\/\/multimedia.uoc.edu\/blogs\/dii\/files\/2015\/03\/realitataugmentada.jpg\"><img loading=\"lazy\" decoding=\"async\" src=\"http:\/\/multimedia.uoc.edu\/blogs\/dii\/files\/2015\/03\/realitataugmentada.jpg\" alt=\"(Font)\" width=\"237\" height=\"297\" class=\"size-full wp-image-450\" \/><\/a><figcaption id=\"caption-attachment-450\" class=\"wp-caption-text\">(<a href=\"http:\/\/www.flickr.com\/photos\/nilsmengedoht\/5109833017\/\">Font<\/a>)<\/figcaption><\/figure>\n<p><strong>Lectura recomanada:<\/strong><br \/>\nAlguns exemples d&#8217;aplicacions de realitat augmentada poden veure&#8217;s en l&#8217;article &#8220;<a href=\"http:\/\/recursostic.educacion.es\/observatorio\/web\/es\/cajon-de-sastre\/38-cajon-de-sastre\/922-realidad-aumentada\" target=\"_blank\">Realitat augmentada<\/a>&#8221; de l&#8217;Observatori Tecnol\u00f2gic del Ministeri d&#8217;Educaci\u00f3.<\/p>","protected":false},"excerpt":{"rendered":"<p>\u00c9s l&#8217;aplicaci\u00f3 m\u00e9s recent de la realitat virtual, i s&#8217;est\u00e0 difonent a un ritme accelerat. \u00c9s l&#8217;entrada d&#8217;un sistema que utilitza informaci\u00f3 generada per ordinador, per estendre la realitat amb efectes virtuals. Les imatges virtuals i reals es barregen, de manera que l&#8217;usuari mant\u00e9 el contacte amb el m\u00f3n real, en el qual s&#8217;introdueixen elements &hellip; <\/p>\n<p class=\"link-more\"><a href=\"https:\/\/multimedia.uoc.edu\/blogs\/dii\/plataformes-i-resolucions\/realitat-augmentada\/\" class=\"more-link\">Continua llegint <span class=\"screen-reader-text\">\u00abRealitat augmentada\u00bb<\/span><\/a><\/p>\n","protected":false},"author":65,"featured_media":0,"parent":19,"menu_order":0,"comment_status":"closed","ping_status":"open","template":"plantilla-pagina.php","meta":{"footnotes":""},"tags":[],"class_list":["post-449","page","type-page","status-publish","hentry","entry"],"_links":{"self":[{"href":"https:\/\/multimedia.uoc.edu\/blogs\/dii\/wp-json\/wp\/v2\/pages\/449","targetHints":{"allow":["GET"]}}],"collection":[{"href":"https:\/\/multimedia.uoc.edu\/blogs\/dii\/wp-json\/wp\/v2\/pages"}],"about":[{"href":"https:\/\/multimedia.uoc.edu\/blogs\/dii\/wp-json\/wp\/v2\/types\/page"}],"author":[{"embeddable":true,"href":"https:\/\/multimedia.uoc.edu\/blogs\/dii\/wp-json\/wp\/v2\/users\/65"}],"replies":[{"embeddable":true,"href":"https:\/\/multimedia.uoc.edu\/blogs\/dii\/wp-json\/wp\/v2\/comments?post=449"}],"version-history":[{"count":2,"href":"https:\/\/multimedia.uoc.edu\/blogs\/dii\/wp-json\/wp\/v2\/pages\/449\/revisions"}],"predecessor-version":[{"id":452,"href":"https:\/\/multimedia.uoc.edu\/blogs\/dii\/wp-json\/wp\/v2\/pages\/449\/revisions\/452"}],"up":[{"embeddable":true,"href":"https:\/\/multimedia.uoc.edu\/blogs\/dii\/wp-json\/wp\/v2\/pages\/19"}],"wp:attachment":[{"href":"https:\/\/multimedia.uoc.edu\/blogs\/dii\/wp-json\/wp\/v2\/media?parent=449"}],"wp:term":[{"taxonomy":"post_tag","embeddable":true,"href":"https:\/\/multimedia.uoc.edu\/blogs\/dii\/wp-json\/wp\/v2\/tags?post=449"}],"curies":[{"name":"wp","href":"https:\/\/api.w.org\/{rel}","templated":true}]}}