{"id":1402,"date":"2016-02-23T10:41:12","date_gmt":"2016-02-23T10:41:12","guid":{"rendered":"http:\/\/multimedia.uoc.edu\/blogs\/labeines\/?page_id=1402"},"modified":"2016-02-29T17:56:34","modified_gmt":"2016-02-29T17:56:34","slug":"exemple-guio-fet-amb-final-draft","status":"publish","type":"page","link":"https:\/\/multimedia.uoc.edu\/blogs\/labeines\/es\/guions\/exemple-guio-fet-amb-final-draft\/","title":{"rendered":"Ejemplo gui\u00f3n hecho con Final Draft"},"content":{"rendered":"<p>Pod\u00e9is descargaros un ejemplo de gui\u00f3n hechon con Final Draft.<\/p>\n<p>Se trata\u00a0de <a href=\"http:\/\/www.screenplaydb.com\/film\/scripts\/American%20Beauty.pdf\" target=\"_blank\">American Beauty, d&#8217;Alan Ball<\/a><\/p>","protected":false},"excerpt":{"rendered":"<p>Pod\u00e9is descargaros un ejemplo de gui\u00f3n hechon con Final Draft. Se trata\u00a0de American Beauty, d&#8217;Alan Ball<\/p>\n","protected":false},"author":57,"featured_media":0,"parent":1152,"menu_order":0,"comment_status":"closed","ping_status":"closed","template":"plantilla-pagina.php","meta":{"footnotes":""},"tags":[48],"class_list":["post-1402","page","type-page","status-publish","hentry","tag-final-draft","entry"],"_links":{"self":[{"href":"https:\/\/multimedia.uoc.edu\/blogs\/labeines\/es\/wp-json\/wp\/v2\/pages\/1402","targetHints":{"allow":["GET"]}}],"collection":[{"href":"https:\/\/multimedia.uoc.edu\/blogs\/labeines\/es\/wp-json\/wp\/v2\/pages"}],"about":[{"href":"https:\/\/multimedia.uoc.edu\/blogs\/labeines\/es\/wp-json\/wp\/v2\/types\/page"}],"author":[{"embeddable":true,"href":"https:\/\/multimedia.uoc.edu\/blogs\/labeines\/es\/wp-json\/wp\/v2\/users\/57"}],"replies":[{"embeddable":true,"href":"https:\/\/multimedia.uoc.edu\/blogs\/labeines\/es\/wp-json\/wp\/v2\/comments?post=1402"}],"version-history":[{"count":1,"href":"https:\/\/multimedia.uoc.edu\/blogs\/labeines\/es\/wp-json\/wp\/v2\/pages\/1402\/revisions"}],"predecessor-version":[{"id":1403,"href":"https:\/\/multimedia.uoc.edu\/blogs\/labeines\/es\/wp-json\/wp\/v2\/pages\/1402\/revisions\/1403"}],"up":[{"embeddable":true,"href":"https:\/\/multimedia.uoc.edu\/blogs\/labeines\/es\/wp-json\/wp\/v2\/pages\/1152"}],"wp:attachment":[{"href":"https:\/\/multimedia.uoc.edu\/blogs\/labeines\/es\/wp-json\/wp\/v2\/media?parent=1402"}],"wp:term":[{"taxonomy":"post_tag","embeddable":true,"href":"https:\/\/multimedia.uoc.edu\/blogs\/labeines\/es\/wp-json\/wp\/v2\/tags?post=1402"}],"curies":[{"name":"wp","href":"https:\/\/api.w.org\/{rel}","templated":true}]}}