{"id":5,"date":"2013-02-28T12:20:05","date_gmt":"2013-02-28T12:20:05","guid":{"rendered":"http:\/\/multimedia.uoc.edu\/blogs\/metodologia\/?page_id=5"},"modified":"2016-03-15T21:22:33","modified_gmt":"2016-03-15T21:22:33","slug":"home","status":"publish","type":"page","link":"https:\/\/multimedia.uoc.edu\/blogs\/metodologia\/","title":{"rendered":"Inici"},"content":{"rendered":"<p>Aquest \u00e9s un espai amb materials de l&#8217;assignatura Metodologia i desenvolupament de projectes en xarxa del <a href=\"http:\/\/estudis.uoc.edu\/ca\/graus-2n-cicle\/multimedia\/presentacio\" target=\"_blank\">Grau de Multim\u00e8dia<\/a> de la <a href=\"http:\/\/www.uoc.edu\/portal\/ca\/index.html\" target=\"_blank\">Universitat Oberta de Catalunya<\/a>.<\/p>\n<p>En aquest recurs web hi trobareu informaci\u00f3 complement\u00e0ria i actualitzada sobre alguns dels conceptes desenvolupats en els diferents m\u00f2duls gr\u00e0cies a enlla\u00e7os a llibres, articles, llocs webs o material audiovisual.<\/p>\n<p>Esperem que aquesta informaci\u00f3 us sigui d\u00b4inter\u00e8s!!<\/p>","protected":false},"excerpt":{"rendered":"<p>Aquest \u00e9s un espai amb materials de l&#8217;assignatura Metodologia i desenvolupament de projectes en xarxa del Grau de Multim\u00e8dia de la Universitat Oberta de Catalunya. En aquest recurs web hi trobareu informaci\u00f3 complement\u00e0ria i actualitzada sobre alguns dels conceptes desenvolupats en els diferents m\u00f2duls gr\u00e0cies a enlla\u00e7os a llibres, articles, llocs webs o material audiovisual. &hellip; <\/p>\n<p class=\"link-more\"><a href=\"https:\/\/multimedia.uoc.edu\/blogs\/metodologia\/\" class=\"more-link\">Continue reading<span class=\"screen-reader-text\"> &#8220;Inici&#8221;<\/span><\/a><\/p>\n","protected":false},"author":24,"featured_media":0,"parent":0,"menu_order":1,"comment_status":"closed","ping_status":"closed","template":"","meta":{"footnotes":""},"tags":[],"class_list":["post-5","page","type-page","status-publish","hentry","entry"],"_links":{"self":[{"href":"https:\/\/multimedia.uoc.edu\/blogs\/metodologia\/wp-json\/wp\/v2\/pages\/5","targetHints":{"allow":["GET"]}}],"collection":[{"href":"https:\/\/multimedia.uoc.edu\/blogs\/metodologia\/wp-json\/wp\/v2\/pages"}],"about":[{"href":"https:\/\/multimedia.uoc.edu\/blogs\/metodologia\/wp-json\/wp\/v2\/types\/page"}],"author":[{"embeddable":true,"href":"https:\/\/multimedia.uoc.edu\/blogs\/metodologia\/wp-json\/wp\/v2\/users\/24"}],"replies":[{"embeddable":true,"href":"https:\/\/multimedia.uoc.edu\/blogs\/metodologia\/wp-json\/wp\/v2\/comments?post=5"}],"version-history":[{"count":21,"href":"https:\/\/multimedia.uoc.edu\/blogs\/metodologia\/wp-json\/wp\/v2\/pages\/5\/revisions"}],"predecessor-version":[{"id":289,"href":"https:\/\/multimedia.uoc.edu\/blogs\/metodologia\/wp-json\/wp\/v2\/pages\/5\/revisions\/289"}],"wp:attachment":[{"href":"https:\/\/multimedia.uoc.edu\/blogs\/metodologia\/wp-json\/wp\/v2\/media?parent=5"}],"wp:term":[{"taxonomy":"post_tag","embeddable":true,"href":"https:\/\/multimedia.uoc.edu\/blogs\/metodologia\/wp-json\/wp\/v2\/tags?post=5"}],"curies":[{"name":"wp","href":"https:\/\/api.w.org\/{rel}","templated":true}]}}